{"id":1928,"date":"2018-03-29T07:55:15","date_gmt":"2018-03-29T07:55:15","guid":{"rendered":"https:\/\/kumrobotics.com.tr\/wp\/testimonial-copy\/"},"modified":"2021-05-18T08:13:58","modified_gmt":"2021-05-18T08:13:58","slug":"robot-teknolojileri-kum-tedarik-firmalarimiz","status":"publish","type":"page","link":"https:\/\/kumrobotics.com.tr\/wp\/robot-teknolojileri-kum-tedarik-firmalarimiz\/","title":{"rendered":"Tedarik\u00e7i Firmalar"},"content":{"rendered":"<p><section  id=\"xs-sec-f93c20a0\" class=\"fw-main-row   xs-sc-f93c20a0   \"  >\r\n\t<div class=\"xs-main-overlay\"><\/div>\r\n\r\n    <div class=\"fw-container\">\r\n\t\t<div class=\"fw-row\">\n\t<div class=\"fw-col-inner\">\r\n<div id=\"xs-col-a1750d98\" class=\"fw-col-md-12     xs-sc-a1750d98    \">\r\n    <div class=\"fw-main-row\">\r\n\t\t\t\t<div class=\"fw-col-inner\">\r\n\t\t\t\t\t<\/div>\r\n    <\/div>\r\n<\/div>\r\n<\/div>\n\n    <\/div>\r\n<\/section>\r\n\r\n<section  id=\"xs-sec-bbb11e69\" class=\"fw-main-row   xs-sc-bbb11e69   \"  >\r\n\t<div class=\"xs-main-overlay\"><\/div>\r\n\r\n    <div class=\"fw-container\">\r\n\t\t<div class=\"fw-row\">\n\t<div class=\"fw-col-inner\">\r\n<div id=\"xs-col-3a274924\" class=\"fw-col-md-12     xs-sc-3a274924    \">\r\n    <div class=\"fw-main-row\">\r\n\t\t\t\t<div class=\"fw-col-inner\">\r\n\t\t\t\r\n<div class=\"heading  xs-heading-07c2261f text-left section-title-vertical \">\r\n\t<h2  class='xs-title section-title border-left'> Tedarik\u00e7i Firmalar  <\/h2><\/div>\r\n\r\n<div id=\"featured-projects-slide\" class=\"owl-carousel owl-theme featured-projects-slide\">\r\n\t\t\t<div class=\"item\">\r\n\t\t\t<div class=\"featured-projects-content\">\r\n\t\t\t\t<div class=\"featured-projects-text pull-left\">\r\n\t\t\t\t\t<h2 class=\"column-title\"><span>End\u00fcstriyel \u00c7\u00f6z\u00fcm Ortaklar\u0131m\u0131z<\/span> Robot &amp; Makine Teknolojisinde Tedarik<\/h2>\r\n\t\t\t\t\t<p class=\"intro-desc\">Kum Robotics olarak i\u015fletmelerin ihtiya\u00e7 duydu\u011fu robot sistemleri ve makine sistemlerini projelendirip faaliyete ge\u00e7irebilmek ilk hedefimizdir. Bu hedefe ula\u015fabilmek i\u00e7in projede kullan\u0131lacak komponent devre elemanlar\u0131n\u0131 kendi kategorisinde en iyi firmalardan tedarik emekteyiz.\r\n\r\nBizlere \u00e7\u00f6z\u00fcm ortakl\u0131\u011f\u0131 konusunda destek ve hizmet sunan i\u015fletme g\u00f6rsellerine sayfa alt\u0131ndan eri\u015febilirsiniz.<\/p> \r\n\t\t\t\t\t<p>\r\n\t\t\t\t\t\t<a class=\"btn btn-primary\" href=\"https:\/\/kumrobotics.com.tr\/\" target=\"_self\"> Anasayfa<\/a>\r\n\t\t\t\t\t<\/p>\r\n\t\t\t\t<\/div> \r\n\t\t\t\t<div class=\"features-slider-img pull-right\">\r\n\t\t\t\t\t<img src=\"\/\/kumrobotics.com.tr\/wp\/wp-content\/uploads\/2021\/05\/kumrobotics-sistemleri.png\">\r\n\t\t\t\t<\/div>   \r\n\t\t\t<\/div>\r\n\t\t<\/div><!-- Item 1 end -->\r\n\r\n\t<\/div><!-- Featured Projects slider end-->\r\n<script>\r\n    jQuery( document ).ready( function ( $ ) {\r\n      jQuery( \".featured-projects-slide\" ).owlCarousel( {\r\n            loop: true,\r\n            animateOut: 'fadeOut',\r\n            autoplay: false,\r\n            autoplayHoverPause: true,\r\n            nav: true,\r\n            margin: 0,\r\n            dots: false,\r\n            mouseDrag: true,\r\n            touchDrag: true,\r\n            slideSpeed: 500,\r\n            navText: [ \"<i class='icon icon-left-arrow2'><\/i>\", \"<i class='icon icon-right-arrow2'><\/i>\" ],\r\n            items: 1,\r\n            responsive: {\r\n                0: {\r\n                    items: 1\r\n                },\r\n                600: {\r\n                    items: 1\r\n                }\r\n            }\r\n\r\n        } );\r\n    } );\r\n<\/script>\t\t<\/div>\r\n    <\/div>\r\n<\/div>\r\n<\/div>\n\n    <\/div>\r\n<\/section>\r\n\r\n<section  id=\"xs-sec-6caaf05a\" class=\"fw-main-row   xs-sc-6caaf05a   \"  >\r\n\t<div class=\"xs-main-overlay\"><\/div>\r\n\r\n    <div class=\"fw-container\">\r\n\t\t<div class=\"fw-row\">\n\t<div class=\"fw-col-inner\">\r\n<div id=\"xs-col-b7857890\" class=\"fw-col-md-12     xs-sc-b7857890    \">\r\n    <div class=\"fw-main-row\">\r\n\t\t\t\t<div class=\"fw-col-inner\">\r\n\t\t\t\r\n<div class=\"heading  xs-heading-ccbb7a22   \">\r\n\t<h2  class='xs-title content-title boder-none'> \u00c7\u00f6z\u00fcm Ortaklar\u0131m\u0131z  <\/h2><\/div>\r\n\t\t<\/div>\r\n    <\/div>\r\n<\/div>\r\n<\/div>\n\n<div class=\"fw-row\">\n\t<div class=\"fw-col-inner\">\r\n<div id=\"xs-col-a35c3c43\" class=\"fw-col-md-12     xs-sc-a35c3c43    \">\r\n    <div class=\"fw-main-row\">\r\n\t\t\t\t<div class=\"fw-col-inner\">\r\n\t\t\t\r\n<div class=\"wow fadeInLeft\">\r\n    <div id=\"client-carousel\" class=\"col-sm-12 owl-carousel owl-theme text-center client-carousel\">\r\n\t\t\t\t\t\t\t\t\t\t\t\t\t\t<figure class=\"item light-item client_logo\">\r\n\t\t\t\t\t\t<a target=\"_self\" href=\"#\"><img src=\"\/\/kumrobotics.com.tr\/wp\/wp-content\/uploads\/2021\/05\/TBI-Industries-1.png\" alt=\"TBI Industries\"><\/a>\r\n\t\t\t\t\t<\/figure>\r\n\t\t\t\t\t\t\t\t\t\t\t\t\t\t\t\t\t\t\t\t\t<figure class=\"item light-item client_logo\">\r\n\t\t\t\t\t\t<a target=\"_self\" href=\"#\"><img src=\"\/\/kumrobotics.com.tr\/wp\/wp-content\/uploads\/2021\/05\/Lincoln-Electric.png\" alt=\"Lincoln Electric\"><\/a>\r\n\t\t\t\t\t<\/figure>\r\n\t\t\t\t\t\t\t\t\t\t\t\t\t\t\t\t\t\t\t\t\t<figure class=\"item light-item client_logo\">\r\n\t\t\t\t\t\t<a target=\"_self\" href=\"#\"><img src=\"\/\/kumrobotics.com.tr\/wp\/wp-content\/uploads\/2021\/05\/Migatronic.png\" alt=\"Migatronic\"><\/a>\r\n\t\t\t\t\t<\/figure>\r\n\t\t\t\t\t\t\t\t\t\t\t\t\t\t\t\t\t\t\t\t\t<figure class=\"item light-item client_logo\">\r\n\t\t\t\t\t\t<a target=\"_self\" href=\"#\"><img src=\"\/\/kumrobotics.com.tr\/wp\/wp-content\/uploads\/2021\/05\/Fanuc-Robotics.png\" alt=\"Fanuc Robotics\"><\/a>\r\n\t\t\t\t\t<\/figure>\r\n\t\t\t\t\t\t\t\t\t\t\t\t\t\t\t\t\t\t\t\t\t<figure class=\"item light-item client_logo\">\r\n\t\t\t\t\t\t<a target=\"_self\" href=\"#\"><img src=\"\/\/kumrobotics.com.tr\/wp\/wp-content\/uploads\/2021\/05\/Metavision.png\" alt=\"Metavision\"><\/a>\r\n\t\t\t\t\t<\/figure>\r\n\t\t\t\t\t\t\t\t\t\t\t\t\t\t\t\t\t\t\t\t\t<figure class=\"item light-item client_logo\">\r\n\t\t\t\t\t\t<a target=\"_self\" href=\"#\"><img src=\"\/\/kumrobotics.com.tr\/wp\/wp-content\/uploads\/2021\/05\/Kuka-Robotics.png\" alt=\"Kuka Robotics\"><\/a>\r\n\t\t\t\t\t<\/figure>\r\n\t\t\t\t\t\t\t\t\t    <\/div><!-- Owl carousel end -->\r\n<\/div><!-- Content row end -->\r\n\r\n\r\n\r\n\r\n\t\t<\/div>\r\n    <\/div>\r\n<\/div>\r\n<\/div>\n\n    <\/div>\r\n<\/section>\r\n\r\n<section  id=\"xs-sec-207e442d\" class=\"fw-main-row parallax-section  xs-sc-207e442d   \"  >\r\n\t<div class=\"xs-main-overlay\"><\/div>\r\n\r\n    <div class=\"fw-container\">\r\n\t\t<div class=\"fw-row\">\n\t<div class=\"fw-col-inner\">\r\n<div id=\"xs-col-c7d713ec\" class=\"fw-col-md-6     xs-sc-c7d713ec get_quote_form  text-left \">\r\n    <div class=\"fw-main-row\">\r\n\t\t\t\t<div class=\"fw-col-inner\">\r\n\t\t\t<div id=\"xs-sc-2da796f9\" class=\"fw-divider-space space-md\"><\/div>\r\n<div class=\"heading  xs-heading-09fe258d   \">\r\n\t<h3  class='xs-title content-title boder-none'><span class='shortheading'>\u00dccretsiz Ke\u015fif<\/span> Yerinde detayl\u0131 inceleme ile do\u011frudan \u00e7\u00f6z\u00fcm  <\/h3><\/div>\r\n<div class=\"xs-text-block  xs-text-block-56aff8dd\">\r\n\t<p>\u0130\u015fletmenize \u00f6zel en uygun fiyatlar i\u00e7in \u00fccretsiz ke\u015fif hizmetimizden faydalanabilirsiniz.\u00a0<\/p><\/div>\t\t<\/div>\r\n    <\/div>\r\n<\/div>\r\n<div class=\"fw-col-inner\">\r\n<div id=\"xs-col-b0c46683\" class=\"fw-col-md-6     xs-sc-b0c46683   text-center \">\r\n    <div class=\"fw-main-row\">\r\n\t\t\t\t<div class=\"fw-col-inner\">\r\n\t\t\t\r\n<div class=\"fw-iconbox clearfix fw-iconbox-1\">\r\n    <div class=\"fw-iconbox-image\">\r\n                    <i class=\"fa fa-whatsapp\"><\/i>\r\n            <\/div>\r\n    <div class=\"fw-iconbox-aside\">\r\n        <div class=\"fw-iconbox-title\">\r\n                    <\/div>\r\n        <div class=\"fw-iconbox-text\">\r\n                    <\/div>\r\n    <\/div>\r\n<\/div>\r\n\t\t<\/div>\r\n    <\/div>\r\n<\/div>\r\n<\/div>\n\n<div class=\"fw-row\">\n\t<div class=\"fw-col-inner\">\r\n<div id=\"xs-col-98730f1c\" class=\"fw-col-md-6     xs-sc-98730f1c    \">\r\n    <div class=\"fw-main-row\">\r\n\t\t\t\t<div class=\"fw-col-inner\">\r\n\t\t\t\t\t<\/div>\r\n    <\/div>\r\n<\/div>\r\n<div class=\"fw-col-inner\">\r\n<div id=\"xs-col-e8bf0054\" class=\"fw-col-md-6     xs-sc-e8bf0054   text-center \">\r\n    <div class=\"fw-main-row\">\r\n\t\t\t\t<div class=\"fw-col-inner\">\r\n\t\t\t\r\n<div class=\"heading  xs-heading-d395f964   \">\r\n\t<h3  class='xs-title content-title boder-none'><span class='shortheading'>H\u0131zl\u0131 Eri\u015fim Whatsapp<\/span> An\u0131nda bizlere ula\u015fmak i\u00e7in whatsapp uygulamas\u0131n\u0131 deneyebilirsiniz  <\/h3><\/div>\r\n\r\n\r\n<div class=\"text-center \">\t<a target=\"_blank\" href=\"https:\/\/wa.me\/905555353419\" \r\n\tclass=\"margin-top-20 margin-right-10 \r\n\tbtn btn-border\"> \r\n\t \r\n\t+90 555 535 3419<\/a>\r\n\t<\/div><div id=\"xs-sc-70a7ad7e\" class=\"fw-divider-space space-md\"><\/div>\t\t<\/div>\r\n    <\/div>\r\n<\/div>\r\n<\/div>\n\n    <\/div>\r\n<\/section>\r\n\r\n<\/p>\n","protected":false},"excerpt":{"rendered":"<p>Tedarik\u00e7i Firmalar End\u00fcstriyel \u00c7\u00f6z\u00fcm Ortaklar\u0131m\u0131z Robot &amp; Makine Teknolojisinde Tedarik Kum Robotics olarak i\u015fletmelerin ihtiya\u00e7 duydu\u011fu robot sistemleri ve makine sistemlerini projelendirip faaliyete ge\u00e7irebilmek ilk hedefimizdir. Bu hedefe ula\u015fabilmek i\u00e7in projede kullan\u0131lacak komponent devre elemanlar\u0131n\u0131 kendi kategorisinde en iyi firmalardan tedarik emekteyiz. Bizlere \u00e7\u00f6z\u00fcm ortakl\u0131\u011f\u0131 konusunda destek ve hizmet sunan i\u015fletme g\u00f6rsellerine sayfa alt\u0131ndan eri\u015febilirsiniz. [&hellip;]<\/p>\n","protected":false},"author":1,"featured_media":0,"parent":0,"menu_order":9,"comment_status":"closed","ping_status":"closed","template":"template\/template-builder.php","meta":[],"tags":[58,61,55,62,64,59,60,63,56,54],"_links":{"self":[{"href":"https:\/\/kumrobotics.com.tr\/wp\/wp-json\/wp\/v2\/pages\/1928"}],"collection":[{"href":"https:\/\/kumrobotics.com.tr\/wp\/wp-json\/wp\/v2\/pages"}],"about":[{"href":"https:\/\/kumrobotics.com.tr\/wp\/wp-json\/wp\/v2\/types\/page"}],"author":[{"embeddable":true,"href":"https:\/\/kumrobotics.com.tr\/wp\/wp-json\/wp\/v2\/users\/1"}],"replies":[{"embeddable":true,"href":"https:\/\/kumrobotics.com.tr\/wp\/wp-json\/wp\/v2\/comments?post=1928"}],"version-history":[{"count":17,"href":"https:\/\/kumrobotics.com.tr\/wp\/wp-json\/wp\/v2\/pages\/1928\/revisions"}],"predecessor-version":[{"id":2179,"href":"https:\/\/kumrobotics.com.tr\/wp\/wp-json\/wp\/v2\/pages\/1928\/revisions\/2179"}],"wp:attachment":[{"href":"https:\/\/kumrobotics.com.tr\/wp\/wp-json\/wp\/v2\/media?parent=1928"}],"wp:term":[{"taxonomy":"post_tag","embeddable":true,"href":"https:\/\/kumrobotics.com.tr\/wp\/wp-json\/wp\/v2\/tags?post=1928"}],"curies":[{"name":"wp","href":"https:\/\/api.w.org\/{rel}","templated":true}]}}