{"id":2104,"date":"2021-05-10T00:05:51","date_gmt":"2021-05-10T00:05:51","guid":{"rendered":"https:\/\/kumrobotics.com.tr\/wp\/?page_id=2104"},"modified":"2021-05-15T09:21:25","modified_gmt":"2021-05-15T09:21:25","slug":"gizlilik-politikasi-cerezler","status":"publish","type":"page","link":"https:\/\/kumrobotics.com.tr\/wp\/gizlilik-politikasi-cerezler\/","title":{"rendered":"Gizlilik Politikas\u0131 &#038; \u00c7erezler"},"content":{"rendered":"<p><section  id=\"xs-sec-e3e2f054\" class=\"fw-main-row   xs-sc-e3e2f054   \"  >\r\n\t<div class=\"xs-main-overlay\"><\/div>\r\n\r\n    <div class=\"fw-container\">\r\n\t\t<div class=\"fw-row\">\n\t<div class=\"fw-col-inner\">\r\n<div id=\"xs-col-f4ad02be\" class=\"fw-col-md-12     xs-sc-f4ad02be    \">\r\n    <div class=\"fw-main-row\">\r\n\t\t\t\t<div class=\"fw-col-inner\">\r\n\t\t\t\t\t<\/div>\r\n    <\/div>\r\n<\/div>\r\n<\/div>\n\n    <\/div>\r\n<\/section>\r\n\r\n<section  id=\"xs-sec-8b58a2fd\" class=\"fw-main-row   xs-sc-8b58a2fd   section-padding\"  >\r\n\t<div class=\"xs-main-overlay\"><\/div>\r\n\r\n    <div class=\"fw-container\">\r\n\t\t<div class=\"fw-row\">\n\t<div class=\"fw-col-inner\">\r\n<div id=\"xs-col-dc988880\" class=\"fw-col-md-12     xs-sc-dc988880    \">\r\n    <div class=\"fw-main-row\">\r\n\t\t\t\t<div class=\"fw-col-inner\">\r\n\t\t\t\r\n<div class=\"heading  xs-heading-2ebf37a0 text-center  heading_margin\">\r\n\t<h3  class='xs-title section-title'><span class='shortheading'>Kullan\u0131m Ko\u015fullar\u0131<\/span> Kumrobotics web sitemiz gizlilik politikas\u0131 ve \u00e7erezler  <\/h3><\/div>\r\n\t\t<\/div>\r\n    <\/div>\r\n<\/div>\r\n<\/div>\n\n<div class=\"fw-row\">\n\t<div class=\"fw-col-inner\">\r\n<div id=\"xs-col-b2755504\" class=\"fw-col-md-12     xs-sc-b2755504    \">\r\n    <div class=\"fw-main-row\">\r\n\t\t\t\t<div class=\"fw-col-inner\">\r\n\t\t\t\r\n\t<div class=\"widget widget-tab\">\r\n\t\t<ul class=\"nav nav-tabs\">\r\n\t\t\t\t\t\t<li class=\"active\"><a href=\"#tab-cont-69d36a615073e-1\" data-toggle=\"tab\">Gizlilik Politikas\u0131<\/a><\/li>\r\n\t\t\t\t\t\t<\/ul>\r\n\t\t<div class=\"tab-content\">\r\n\t\t\t\t\t\t\t<div class=\"tab-pane active\" id=\"tab-cont-69d36a615073e-1\">\r\n\t\t\t\t\t\t\t\t\t\t\t<p><p><strong>\u00c7EREZ POL\u0130T\u0130KASI<\/strong><\/p><p>\u00a0Kumrobotics Robot Teknolojileri Ltd. \u015eti. (\u201cKumrobotics\u201d) olarak www.Kumrobotics.com.tr internet sitesi (\u201c<strong>Site<\/strong>\u201d) i\u00e7erisinde yer alan baz\u0131 alanlarda \u00e7erezler kullanmaktay\u0131z. \u00a0Bu \u00c7erez Politikas\u0131 (\u201c<strong>Politika<\/strong>\u201d), Kumrobotics taraf\u0131ndan y\u00f6netilen site i\u00e7in ge\u00e7erli olup \u00e7erezler Politika\u2019da a\u00e7\u0131klanan \u015fekilde kullan\u0131lacakt\u0131r.<\/p><p><strong>\u00c7erez Nedir?<\/strong><\/p><p>\u00c7erezler bir internet sitesi taraf\u0131ndan cihaz\u0131n\u0131zda olu\u015fturulan ve isim-de\u011fer format\u0131nda veri bar\u0131nd\u0131ran k\u00fc\u00e7\u00fck metin dosyalar\u0131d\u0131r. \u00c7erezler, ziyaret etti\u011finiz internet sitesinin cihaz\u0131n\u0131zda bilgi saklamas\u0131n\u0131 ve bu bilgileri sonraki ziyaretleriniz s\u0131ras\u0131nda kullanmas\u0131n\u0131 m\u00fcmk\u00fcn k\u0131lmaktad\u0131r. Bir internet sitesi taraf\u0131ndan olu\u015fturulan \u00e7erezler siteye eri\u015fim i\u00e7in kulland\u0131\u011f\u0131n\u0131z internet taray\u0131c\u0131s\u0131 taraf\u0131ndan saklanmakta olup \u00e7erezler, ziyaret\u00e7ilere ili\u015fkin isim, cinsiyet veya adres gibi ki\u015fisel verileri i\u00e7ermezler. \u00c7erezlerin i\u00e7erdi\u011fi bilgilere ancak ayn\u0131 internet taray\u0131c\u0131s\u0131n\u0131 kullanman\u0131z halinde ve yaln\u0131zca ilgili \u00e7erezi olu\u015fturan internet sitesi alan ad\u0131 (\u00f6rn. www.Kumrobotics.com.tr) taraf\u0131ndan eri\u015filebilmektedir.<\/p><p>\u00c7erezler g\u00fcn\u00fcm\u00fczde, internet teknolojilerinin \u00f6nemli bir par\u00e7as\u0131 haline gelmi\u015ftir ve temel i\u015flevleri \u00e7evrimi\u00e7i ziyaret\u00e7inin tercihlerinin hat\u0131rlanmas\u0131 ve ba\u011flant\u0131 esnas\u0131nda cihaz\u0131n tan\u0131nmas\u0131 olup neredeyse her internet sitesinde \u00e7erez kullan\u0131m\u0131 s\u00f6z konusudur.<\/p><p><strong>\u00c7erezleri Kim, Nas\u0131l G\u00f6nderir?<\/strong><\/p><p>\u00c7erezler, gezintiniz s\u0131ras\u0131nda cihaz\u0131n\u0131zda bulunan taray\u0131c\u0131 (Google Chrome, Safari vb. gibi) ile Kumrobotics\u2019in internet sitesi sunucular\u0131 aras\u0131nda kurulan ileti\u015fim vas\u0131tas\u0131yla g\u00f6nderilmektedir.<\/p><p><strong>Hangi \u00c7erezler Kullan\u0131lmaktad\u0131r?<\/strong><\/p><ul><li>Sahipliklerine g\u00f6re<strong>\u00a0birinci taraf \u00e7erezler ve \u00fc\u00e7\u00fcnc\u00fc taraf \u00e7erezler<\/strong>\u00a0kullan\u0131lmaktad\u0131r.\u00a0<strong>Birinci taraf \u00e7erezler<\/strong>, Kumrobotics taraf\u0131ndan olu\u015fturulurken <strong>\u00fc\u00e7\u00fcnc\u00fc taraf \u00e7erezleri<\/strong>, Kumrobotics ile i\u015f birli\u011fi i\u00e7erisinde olan firmalar taraf\u0131ndan olu\u015fturulmaktad\u0131r.<\/li><li>Aktif oldu\u011fu s\u00fcreye g\u00f6re\u00a0<strong>oturum \u00e7erezleri<\/strong>\u00a0ve\u00a0<strong>kal\u0131c\u0131 \u00e7erezler<\/strong>\u00a0kullan\u0131lmaktad\u0131r.\u00a0<strong>Oturum \u00e7erezleri<\/strong>, \u00e7evrimi\u00e7i ziyaret\u00e7inin Site\u2019yi terk etmesiyle birlikte silinirken\u00a0<strong>kal\u0131c\u0131 \u00e7erezler,<\/strong>\u00a0kullan\u0131m alan\u0131na ba\u011fl\u0131 olarak \u00e7e\u015fitli s\u00fcrelerle \u00e7evrimi\u00e7i ziyaret\u00e7ilerin cihazlar\u0131nda kalabilmektedir.<\/li><li>Ayr\u0131ca kullan\u0131m ama\u00e7lar\u0131na g\u00f6re Site i\u00e7erisinde\u00a0<strong>istatistiki \u00e7erezler ile pazarlama ve tercih \u00e7erezleri\u00a0<\/strong>kullan\u0131lmaktad\u0131r.<\/li><\/ul><p><strong>Sitemizde Kullan\u0131lan \u00c7erezlere \u0130li\u015fkin Bilgiler<\/strong><\/p><p>Kumrobotics taraf\u0131ndan y\u00f6netilen Site\u2019de kullan\u0131lan \u00e7erezlerle ilgili detayl\u0131 bilgiye, Site\u2019de yer alan \"<strong>Gizlilik Politikas\u0131<\/strong>\" ile ula\u015fabilirsiniz.<\/p><p><em>\u00c7erezler, KVKK\u2019n\u0131n 5. maddesi kapsam\u0131nda belirtilen \u201cilgili ki\u015finin temel hak ve \u00f6zg\u00fcrl\u00fcklerine zarar vermemek kayd\u0131yla, veri sorumlusunun me\u015fru menfaatleri i\u00e7in veri i\u015flemenin zorunlu olmas\u0131\u201d ve i\u015fbu Politika kapsam\u0131nda nas\u0131l y\u00f6netilece\u011fi aktar\u0131lan \u00e7erez tercihlerinizdeki onaylar\u0131n\u0131z hukuki sebeplerine dayal\u0131 olarak i\u015flenmektedir.<\/em><\/p><p><strong>\u00c7erezlerin Y\u00f6netimi<\/strong><\/p><p>Taray\u0131c\u0131lar genellikle \u00e7erezleri otomatik olarak kabul etmektedir. \u0130nternet sitemizi kullanabilmek i\u00e7in \u00e7erez kullan\u0131m\u0131 zorunlu de\u011fildir, fakat taray\u0131c\u0131n\u0131z\u0131 \u00e7erezleri kabul etmemeye ayarlaman\u0131z halinde kullan\u0131c\u0131 deneyiminizin kalitesi d\u00fc\u015febilir ve sitelerimizin \u00e7e\u015fitli i\u015flevleri bozulabilir. \u00d6zellikle teknik \u00e7erezler, Site\u2019nin temel i\u015flevlerini yerine getirebilmesini sa\u011flamaktad\u0131r. Teknik \u00e7erezler Site\u2019nin teknik olarak \u00e7al\u0131\u015fmas\u0131n\u0131 tesis etti\u011finden bunlar\u0131 kapatman\u0131z halinde Site\u2019de baz\u0131 fonksiyonlar\u0131n gere\u011fi gibi \u00e7al\u0131\u015fmamas\u0131 s\u00f6z konusu olabilir.<\/p><p>Taray\u0131c\u0131n\u0131z\u0131; \u00e7erezleri t\u00fcm siteler veya belirli siteler i\u00e7in engelleyecek \u015fekilde, \u00e7erez olu\u015fturuldu\u011funda uyar\u0131 verecek \u015fekilde, \u00fc\u00e7\u00fcnc\u00fc taraf \u00e7erezleri engelleyecek \u015fekilde veya t\u00fcm \u00e7erezleri oturum \u00e7erezi gibi sayacak \u015fekilde yap\u0131land\u0131rabilirsiniz. Ek olarak, taray\u0131c\u0131n\u0131z \u00fczerinden \u00e7erezleri silebilir veya taray\u0131c\u0131n\u0131zda saklanan \u00e7erezlerin listesini ve de\u011ferlerini g\u00f6rebilirsiniz. Taray\u0131c\u0131n\u0131z\u0131n \u00e7erez y\u00f6netimi i\u015flevleri hakk\u0131nda detayl\u0131 bilgi i\u00e7in l\u00fctfen a\u015fa\u011f\u0131daki ilgili linke t\u0131klayarak taray\u0131c\u0131n\u0131z\u0131n internet sitesinden bilgi al\u0131n\u0131z.<\/p><p>Ayr\u0131ca;<\/p><ul><li>Google Analytics taraf\u0131ndan y\u00f6netilen \u00c7erezleri kapatmak i\u00e7in\u00a0<a href=\"https:\/\/tools.google.com\/dlpage\/gaoptout\">t\u0131klay\u0131n\u0131z.<\/a><\/li><li>Google taraf\u0131ndan sa\u011flanan ki\u015fiselle\u015ftirilmi\u015f reklam deneyimini y\u00f6netmek i\u00e7in\u00a0<a href=\"https:\/\/www.google.com\/settings\/ads\">t\u0131klay\u0131n\u0131z<\/a><a href=\"https:\/\/www.google.com\/settings\/ads\">.<\/a><\/li><li>Bir\u00e7ok firman\u0131n reklam faaliyetleri i\u00e7in kulland\u0131\u011f\u0131 \u00e7erezler bak\u0131m\u0131ndan tercihler\u00a0<a href=\"https:\/\/www.youronlinechoices.com\/tr\/reklam-tercihleriniz\">Your Online Choices<\/a>\u00a0\u00fczerinden y\u00f6netilebilirsiniz.<\/li><li>Sitemizde yer alan \u00e7erez onay arac\u0131n\u0131 kullanabilirsiniz.<\/li><\/ul><p>\u00c7erezler ile ilgili daha detayl\u0131 bilgi i\u00e7in,\u00a0<a href=\"https:\/\/www.aboutcookies.org\/\">https:\/\/www.aboutcookies.org<\/a>\u00a0veya\u00a0<a href=\"https:\/\/www.youronlinechoices.eu\/\">https:\/\/www.youronlinechoices.eu\/\u00a0<\/a>adresini ziyaret edebilir ya da \"Privacy Badger\" uygulamas\u0131n\u0131 kullanabilirsiniz (<a href=\"https:\/\/www.eff.org\/tr\/privacybadger\">https:\/\/www.eff.org\/tr\/privacybadger<\/a>).<\/p><\/p>\r\n\t\t\t\t\t\t\t\t\t<\/div>\r\n\t\t\t\t\t\t<\/div>\r\n\t<\/div><!-- End default tabs -->\r\n\r\n\t\r\n<div class=\"heading  xs-heading-e1cd7cdb text-center  heading_margin\">\r\n\t<\/div>\r\n\t\t<\/div>\r\n    <\/div>\r\n<\/div>\r\n<\/div>\n\n    <\/div>\r\n<\/section>\r\n\r\n<\/p>\n","protected":false},"excerpt":{"rendered":"<p>Kullan\u0131m Ko\u015fullar\u0131 Kumrobotics web sitemiz gizlilik politikas\u0131 ve \u00e7erezler Gizlilik Politikas\u0131 \u00c7EREZ POL\u0130T\u0130KASI\u00a0Kumrobotics Robot Teknolojileri Ltd. \u015eti. (\u201cKumrobotics\u201d) olarak www.Kumrobotics.com.tr internet sitesi (\u201cSite\u201d) i\u00e7erisinde yer alan baz\u0131 alanlarda \u00e7erezler kullanmaktay\u0131z. \u00a0Bu \u00c7erez Politikas\u0131 (\u201cPolitika\u201d), Kumrobotics taraf\u0131ndan y\u00f6netilen site i\u00e7in ge\u00e7erli olup \u00e7erezler Politika\u2019da a\u00e7\u0131klanan \u015fekilde kullan\u0131lacakt\u0131r.\u00c7erez Nedir?\u00c7erezler bir internet sitesi taraf\u0131ndan cihaz\u0131n\u0131zda olu\u015fturulan ve isim-de\u011fer [&hellip;]<\/p>\n","protected":false},"author":1,"featured_media":0,"parent":0,"menu_order":2,"comment_status":"closed","ping_status":"closed","template":"template\/template-builder.php","meta":[],"tags":[],"_links":{"self":[{"href":"https:\/\/kumrobotics.com.tr\/wp\/wp-json\/wp\/v2\/pages\/2104"}],"collection":[{"href":"https:\/\/kumrobotics.com.tr\/wp\/wp-json\/wp\/v2\/pages"}],"about":[{"href":"https:\/\/kumrobotics.com.tr\/wp\/wp-json\/wp\/v2\/types\/page"}],"author":[{"embeddable":true,"href":"https:\/\/kumrobotics.com.tr\/wp\/wp-json\/wp\/v2\/users\/1"}],"replies":[{"embeddable":true,"href":"https:\/\/kumrobotics.com.tr\/wp\/wp-json\/wp\/v2\/comments?post=2104"}],"version-history":[{"count":8,"href":"https:\/\/kumrobotics.com.tr\/wp\/wp-json\/wp\/v2\/pages\/2104\/revisions"}],"predecessor-version":[{"id":2197,"href":"https:\/\/kumrobotics.com.tr\/wp\/wp-json\/wp\/v2\/pages\/2104\/revisions\/2197"}],"wp:attachment":[{"href":"https:\/\/kumrobotics.com.tr\/wp\/wp-json\/wp\/v2\/media?parent=2104"}],"wp:term":[{"taxonomy":"post_tag","embeddable":true,"href":"https:\/\/kumrobotics.com.tr\/wp\/wp-json\/wp\/v2\/tags?post=2104"}],"curies":[{"name":"wp","href":"https:\/\/api.w.org\/{rel}","templated":true}]}}